{"id":5921,"date":"2026-03-23T16:38:09","date_gmt":"2026-03-23T15:38:09","guid":{"rendered":"https:\/\/minbildel.se\/?page_id=5921"},"modified":"2026-03-23T17:13:07","modified_gmt":"2026-03-23T16:13:07","slug":"german-gold-las-mer","status":"publish","type":"page","link":"https:\/\/minbildel.se\/da\/german-gold-las-mer\/","title":{"rendered":"German Gold L\u00e4s mer"},"content":{"rendered":"<div class=\"wpb-content-wrapper\"><div class=\"vc_row wpb_row vc_row-fluid vc_column-gap-24\" >\r\n\t<div class=\"container et-clearfix\">\r\n\t\t<div class=\"wpb_column vc_column_container vc_col-sm-12 text-align-none\" >\r\n\t<div class=\"vc_column-inner \" >\r\n\t\t<div class=\"wpb_wrapper\">\r\n\t\t\t\n\t<div class=\"wpb_raw_code wpb_raw_html wpb_content_element\" >\n\t\t<div class=\"wpb_wrapper\">\n\t\t\t<div style=\"font-family:Arial, Helvetica, sans-serif; color:#f5f5f5; max-width:1400px; margin:0 auto;\">\r\n\r\n  <style>\r\n    .gg-info-wrap{\r\n      max-width:1400px;\r\n      margin:0 auto;\r\n      font-family:Arial, Helvetica, sans-serif;\r\n      color:#f5f5f5;\r\n    }\r\n    .gg-info-hero{\r\n      background:radial-gradient(circle at top left, rgba(212,175,55,0.10), transparent 28%), linear-gradient(180deg, #0a0a0c 0%, #111216 100%);\r\n      border:1px solid rgba(255,255,255,.08);\r\n      border-radius:28px;\r\n      padding:38px;\r\n      box-shadow:0 20px 60px rgba(0,0,0,.35);\r\n      margin-bottom:28px;\r\n    }\r\n    .gg-info-kicker{\r\n      color:#f2d16b;\r\n      text-transform:uppercase;\r\n      letter-spacing:3px;\r\n      font-size:12px;\r\n      margin-bottom:14px;\r\n    }\r\n    .gg-info-title{\r\n      font-size:56px;\r\n      line-height:1.02;\r\n      margin:0 0 18px;\r\n      font-weight:800;\r\n      letter-spacing:.3px;\r\n      color:white;\r\n    }\r\n    .gg-info-lead{\r\n      font-size:20px;\r\n      line-height:1.8;\r\n      color:#edf0f4;\r\n      margin:0;\r\n      max-width:980px;\r\n    }\r\n    .gg-info-gold{\r\n      color:#f2d16b;\r\n      font-weight:700;\r\n    }\r\n    .gg-info-grid-2{\r\n      display:grid;\r\n      grid-template-columns:1.15fr .85fr;\r\n      gap:28px;\r\n      margin-bottom:28px;\r\n    }\r\n    .gg-info-grid-3{\r\n      display:grid;\r\n      grid-template-columns:repeat(3,1fr);\r\n      gap:18px;\r\n      margin-bottom:28px;\r\n    }\r\n    .gg-info-stack{\r\n      display:grid;\r\n      gap:20px;\r\n    }\r\n    .gg-info-card{\r\n      background:linear-gradient(180deg, #0b0c10 0%, #111318 100%);\r\n      border:1px solid rgba(255,255,255,.08);\r\n      border-radius:28px;\r\n      padding:28px;\r\n      box-shadow:0 20px 60px rgba(0,0,0,.25);\r\n    }\r\n    .gg-info-section-title{\r\n      color:#f2d16b;\r\n      text-transform:uppercase;\r\n      letter-spacing:3px;\r\n      font-size:14px;\r\n      margin:0 0 18px;\r\n      font-weight:700;\r\n    }\r\n    .gg-info-text{\r\n      color:#c7cad1;\r\n      font-size:18px;\r\n      line-height:1.8;\r\n      margin:0;\r\n    }\r\n    .gg-info-text + .gg-info-text{\r\n      margin-top:16px;\r\n    }\r\n    .gg-info-list{\r\n      list-style:none;\r\n      padding:0;\r\n      margin:0;\r\n    }\r\n    .gg-info-list li{\r\n      position:relative;\r\n      padding-left:28px;\r\n      margin:0 0 16px;\r\n      line-height:1.75;\r\n      font-size:17px;\r\n      color:#edf0f4;\r\n    }\r\n    .gg-info-list li:last-child{\r\n      margin-bottom:0;\r\n    }\r\n    .gg-info-list li span{\r\n      position:absolute;\r\n      left:0;\r\n      top:-1px;\r\n      color:#f2d16b;\r\n      font-size:28px;\r\n      line-height:1;\r\n    }\r\n    .gg-info-mini{\r\n      background:linear-gradient(180deg, #0b0c10 0%, #111318 100%);\r\n      border:1px solid rgba(255,255,255,.08);\r\n      border-radius:22px;\r\n      padding:22px;\r\n      box-shadow:0 20px 60px rgba(0,0,0,.20);\r\n    }\r\n    .gg-info-mini-label{\r\n      font-size:12px;\r\n      text-transform:uppercase;\r\n      letter-spacing:2px;\r\n      color:#c3c6cf;\r\n      margin-bottom:10px;\r\n    }\r\n    .gg-info-mini-value{\r\n      font-size:24px;\r\n      font-weight:800;\r\n      line-height:1.3;\r\n      color:#fff;\r\n    }\r\n    .gg-info-chip-wrap{\r\n      display:flex;\r\n      flex-wrap:wrap;\r\n      gap:12px;\r\n    }\r\n    .gg-info-chip{\r\n      display:inline-flex;\r\n      align-items:center;\r\n      padding:10px 14px;\r\n      border:1px solid rgba(255,255,255,.14);\r\n      border-radius:12px;\r\n      background:rgba(255,255,255,.03);\r\n      color:#fff;\r\n      font-size:14px;\r\n      line-height:1.3;\r\n    }\r\n    .gg-info-faq{\r\n      display:grid;\r\n      gap:16px;\r\n      margin-bottom:28px;\r\n    }\r\n    .gg-info-faq-item{\r\n      background:linear-gradient(180deg, #0b0c10 0%, #111318 100%);\r\n      border:1px solid rgba(255,255,255,.08);\r\n      border-radius:22px;\r\n      padding:24px;\r\n      box-shadow:0 20px 60px rgba(0,0,0,.20);\r\n    }\r\n    .gg-info-faq-q{\r\n      color:#fff;\r\n      font-size:20px;\r\n      font-weight:700;\r\n      margin:0 0 12px;\r\n    }\r\n    .gg-info-faq-a{\r\n      color:#c7cad1;\r\n      font-size:17px;\r\n      line-height:1.75;\r\n      margin:0;\r\n    }\r\n    .gg-info-cta{\r\n      background:radial-gradient(circle at top left, rgba(212,175,55,0.12), transparent 28%), linear-gradient(180deg, #0a0a0c 0%, #111216 100%);\r\n      border:1px solid rgba(255,255,255,.08);\r\n      border-radius:28px;\r\n      padding:34px;\r\n      box-shadow:0 20px 60px rgba(0,0,0,.35);\r\n      text-align:center;\r\n    }\r\n    .gg-info-cta-title{\r\n      font-size:38px;\r\n      line-height:1.15;\r\n      margin:0 0 14px;\r\n      font-weight:800;\r\n      color:#fff;\r\n    }\r\n    .gg-info-cta-text{\r\n      color:#cfd4dc;\r\n      font-size:18px;\r\n      line-height:1.8;\r\n      margin:0 0 22px;\r\n    }\r\n    .gg-info-btn-wrap{\r\n      display:flex;\r\n      justify-content:center;\r\n      gap:14px;\r\n      flex-wrap:wrap;\r\n    }\r\n    .gg-info-btn{\r\n      display:inline-flex;\r\n      align-items:center;\r\n      justify-content:center;\r\n      min-height:50px;\r\n      padding:12px 18px;\r\n      border-radius:14px;\r\n      text-decoration:none;\r\n      font-size:14px;\r\n      font-weight:700;\r\n      transition:all .2s ease;\r\n    }\r\n    .gg-info-btn-primary{\r\n      background:linear-gradient(180deg, #f2d16b 0%, #d7ac36 100%);\r\n      color:#111 !important;\r\n      border:1px solid rgba(255,255,255,.08);\r\n    }\r\n    .gg-info-btn-secondary{\r\n      background:rgba(255,255,255,.03);\r\n      color:#fff !important;\r\n      border:1px solid rgba(255,255,255,.12);\r\n    }\r\n    .gg-info-btn:hover{\r\n      transform:translateY(-1px);\r\n    }\r\n\r\n    @media (max-width: 980px){\r\n      .gg-info-grid-2,\r\n      .gg-info-grid-3{\r\n        grid-template-columns:1fr;\r\n      }\r\n      .gg-info-title{\r\n        font-size:40px;\r\n      }\r\n      .gg-info-lead{\r\n        font-size:18px;\r\n      }\r\n      .gg-info-text,\r\n      .gg-info-list li,\r\n      .gg-info-faq-a{\r\n        font-size:16px;\r\n      }\r\n    }\r\n\r\n    @media (max-width: 640px){\r\n      .gg-info-hero,\r\n      .gg-info-card,\r\n      .gg-info-cta{\r\n        padding:22px;\r\n        border-radius:22px;\r\n      }\r\n      .gg-info-title{\r\n        font-size:30px;\r\n      }\r\n      .gg-info-kicker{\r\n        font-size:11px;\r\n        letter-spacing:2px;\r\n      }\r\n      .gg-info-lead{\r\n        font-size:16px;\r\n        line-height:1.7;\r\n      }\r\n      .gg-info-cta-title{\r\n        font-size:28px;\r\n      }\r\n      .gg-info-cta-text{\r\n        font-size:16px;\r\n      }\r\n      .gg-info-faq-item{\r\n        padding:18px;\r\n      }\r\n      .gg-info-faq-q{\r\n        font-size:18px;\r\n      }\r\n    }\r\n  <\/style>\r\n\r\n  <div class=\"gg-info-wrap\">\r\n\r\n    <div class=\"gg-info-hero\">\r\n      <div class=\"gg-info-kicker\">L\u00e4s mer om motorolja<\/div>\r\n      <h1 class=\"gg-info-title\">German Gold motorolja \u2013 skydd, prestanda och trygghet f\u00f6r din motor<\/h1>\r\n      <p class=\"gg-info-lead\">\r\n        Letar du efter <span class=\"gg-info-gold\">motorolja av h\u00f6g kvalitet<\/span> f\u00f6r bensin- eller dieselmotor?\r\n        <span class=\"gg-info-gold\">German Gold motorolja<\/span> \u00e4r utvecklad f\u00f6r moderna motorer d\u00e4r kraven p\u00e5\r\n        <span class=\"gg-info-gold\">slitageskydd, kallstart, motorrenhet, br\u00e4nsleekonomi och stabil prestanda<\/span>\r\n        \u00e4r h\u00f6gre \u00e4n n\u00e5gonsin. V\u00e5ra oljor \u00e4r framtagna f\u00f6r att ge p\u00e5litlig sm\u00f6rjning, skydda mot avlagringar och hj\u00e4lpa motorn att prestera s\u00e4kert b\u00e5de i vardagsk\u00f6rning och under h\u00f6g belastning.\r\n      <\/p>\r\n    <\/div>\r\n\r\n    <div class=\"gg-info-grid-3\">\r\n      <div class=\"gg-info-mini\">\r\n        <div class=\"gg-info-mini-label\">Kvalitet<\/div>\r\n        <div class=\"gg-info-mini-value\">Helsyntetiska och h\u00f6gpresterande formuleringar<\/div>\r\n      <\/div>\r\n      <div class=\"gg-info-mini\">\r\n        <div class=\"gg-info-mini-label\">Skydd<\/div>\r\n        <div class=\"gg-info-mini-value\">Mot slitage, avlagringar, slam och olje\u00e5ldrande<\/div>\r\n      <\/div>\r\n      <div class=\"gg-info-mini\">\r\n        <div class=\"gg-info-mini-label\">Prestanda<\/div>\r\n        <div class=\"gg-info-mini-value\">Stabil viskositet och s\u00e4ker sm\u00f6rjning vid kallstart<\/div>\r\n      <\/div>\r\n    <\/div>\r\n\r\n    <div class=\"gg-info-grid-2\">\r\n      <div class=\"gg-info-card\">\r\n        <h2 class=\"gg-info-section-title\">Varf\u00f6r v\u00e4lja r\u00e4tt motorolja?<\/h2>\r\n        <p class=\"gg-info-text\">\r\n          R\u00e4tt motorolja \u00e4r avg\u00f6rande f\u00f6r motorns livsl\u00e4ngd, prestanda och drifts\u00e4kerhet. En motorolja av h\u00f6g kvalitet minskar friktion mellan motordelar, hj\u00e4lper till att h\u00e5lla motorn ren och skyddar vid b\u00e5de l\u00e5ga och h\u00f6ga temperaturer.\r\n        <\/p>\r\n        <p class=\"gg-info-text\">\r\n          N\u00e4r du v\u00e4ljer en modern kvalitetsolja som uppfyller r\u00e4tt specifikationer f\u00f6r din bil f\u00e5r du b\u00e4ttre skydd vid kallstart, j\u00e4mnare sm\u00f6rjning under belastning och minskad risk f\u00f6r slitage \u00f6ver tid.\r\n        <\/p>\r\n      <\/div>\r\n\r\n      <div class=\"gg-info-card\">\r\n        <h2 class=\"gg-info-section-title\">Det h\u00e4r f\u00e5r du med German Gold<\/h2>\r\n        <ul class=\"gg-info-list\">\r\n          <li><span>\u2022<\/span>Mycket god sm\u00f6rjning redan vid kallstart.<\/li>\r\n          <li><span>\u2022<\/span>Starkt skydd mot motorslitage vid h\u00f6g belastning.<\/li>\r\n          <li><span>\u2022<\/span>Hj\u00e4lper till att h\u00e5lla motorn ren fr\u00e5n avlagringar och slam.<\/li>\r\n          <li><span>\u2022<\/span>Flera produkter anpassade f\u00f6r moderna bensin- och dieselmotorer.<\/li>\r\n          <li><span>\u2022<\/span>Utvalda oljor f\u00f6r low-SAPS, DPF, Dexos och andra moderna krav.<\/li>\r\n          <li><span>\u2022<\/span>Formuleringar som st\u00f6djer br\u00e4nsleekonomi och l\u00e4gre utsl\u00e4pp.<\/li>\r\n        <\/ul>\r\n      <\/div>\r\n    <\/div>\r\n\r\n    <div class=\"gg-info-grid-2\">\r\n      <div class=\"gg-info-card\">\r\n        <h2 class=\"gg-info-section-title\">Utvecklad f\u00f6r moderna motorer<\/h2>\r\n        <p class=\"gg-info-text\">\r\n          Dagens motorer st\u00e4ller h\u00f6ga krav p\u00e5 motoroljan. Downsizing, turbo, l\u00e4ngre serviceintervaller och k\u00e4nsliga avgasefterbehandlingssystem g\u00f6r att oljan m\u00e5ste klara mer \u00e4n tidigare.\r\n          D\u00e4rf\u00f6r inneh\u00e5ller sortimentet fr\u00e5n German Gold motoroljor som \u00e4r framtagna f\u00f6r att m\u00f6ta moderna specifikationer och OEM-krav fr\u00e5n v\u00e4lk\u00e4nda tillverkare.\r\n        <\/p>\r\n        <p class=\"gg-info-text\">\r\n          I sortimentet finns produkter f\u00f6r exempelvis <span class=\"gg-info-gold\">ACEA C3, ACEA A3\/B4, API SN, API SP, ILSAC GF-6A, BMW Longlife, MB 229-serien, VW 502 00 \/ 505 00 \/ 507 00, Renault RN och GM dexos<\/span>.\r\n        <\/p>\r\n      <\/div>\r\n\r\n      <div class=\"gg-info-card\">\r\n        <h2 class=\"gg-info-section-title\">Viktiga egenskaper<\/h2>\r\n        <div class=\"gg-info-chip-wrap\">\r\n          <span class=\"gg-info-chip\">Helsyntetisk motorolja<\/span>\r\n          <span class=\"gg-info-chip\">Motorolja f\u00f6r bensinmotor<\/span>\r\n          <span class=\"gg-info-chip\">Motorolja f\u00f6r dieselmotor<\/span>\r\n          <span class=\"gg-info-chip\">Kallstartsegenskaper<\/span>\r\n          <span class=\"gg-info-chip\">Slitageskydd<\/span>\r\n          <span class=\"gg-info-chip\">Motorrenhet<\/span>\r\n          <span class=\"gg-info-chip\">Skydd mot slam<\/span>\r\n          <span class=\"gg-info-chip\">Br\u00e4nsleekonomi<\/span>\r\n          <span class=\"gg-info-chip\">Low-SAPS<\/span>\r\n          <span class=\"gg-info-chip\">DPF-kompatibla alternativ<\/span>\r\n          <span class=\"gg-info-chip\">Dexos-kompatibla alternativ<\/span>\r\n          <span class=\"gg-info-chip\">Motorolja h\u00f6g kvalitet<\/span>\r\n        <\/div>\r\n      <\/div>\r\n    <\/div>\r\n\r\n    <div class=\"gg-info-card\" style=\"margin-bottom:28px;\">\r\n      <h2 class=\"gg-info-section-title\">Trygghet f\u00f6r dig som kund<\/h2>\r\n      <p class=\"gg-info-text\">\r\n        N\u00e4r du k\u00f6per motorolja vill du k\u00e4nna dig s\u00e4ker p\u00e5 att du f\u00e5r en produkt som klarar verklig anv\u00e4ndning i moderna motorer. D\u00e4rf\u00f6r \u00e4r det viktigt med r\u00e4tt viskositet, r\u00e4tt specifikationer och en olja som \u00e4r utvecklad f\u00f6r att ge l\u00e5ngvarigt skydd.\r\n      <\/p>\r\n      <p class=\"gg-info-text\">\r\n        German Gold \u00e4r ett val f\u00f6r dig som s\u00f6ker <span class=\"gg-info-gold\">kvalitetsmotorolja online<\/span> med fokus p\u00e5 prestanda, trygghet och r\u00e4tt tekniska egenskaper. Oavsett om du s\u00f6ker <span class=\"gg-info-gold\">5W-30, 5W-40, 5W-20, 0W-20 eller 0W-30<\/span> \u00e4r m\u00e5let detsamma: att ge din motor r\u00e4tt skydd fr\u00e5n f\u00f6rsta start till full belastning.\r\n      <\/p>\r\n    <\/div>\r\n\r\n<div class=\"gg-info-faq\">\r\n\r\n  <div class=\"gg-info-faq-item\">\r\n    <button class=\"gg-info-faq-q\">\r\n      Vilken motorolja ska jag v\u00e4lja?\r\n      <span>+<\/span>\r\n    <\/button>\r\n    <div class=\"gg-info-faq-a\">\r\n      Du ska v\u00e4lja en motorolja som matchar bilens rekommenderade viskositet och specifikationer enligt tillverkaren. Kontrollera alltid bilens instruktionsbok eller produktinformationen innan k\u00f6p.\r\n    <\/div>\r\n  <\/div>\r\n\r\n  <div class=\"gg-info-faq-item\">\r\n    <button class=\"gg-info-faq-q\">\r\n      Varf\u00f6r \u00e4r r\u00e4tt viskositet viktig?\r\n      <span>+<\/span>\r\n    <\/button>\r\n    <div class=\"gg-info-faq-a\">\r\n      R\u00e4tt viskositet s\u00e4kerst\u00e4ller korrekt sm\u00f6rjning vid b\u00e5de kallstart och h\u00f6g temperatur, vilket skyddar motorn och f\u00f6rb\u00e4ttrar dess livsl\u00e4ngd.\r\n    <\/div>\r\n  <\/div>\r\n\r\n  <div class=\"gg-info-faq-item\">\r\n    <button class=\"gg-info-faq-q\">\r\n      \u00c4r helsyntetisk motorolja b\u00e4ttre?\r\n      <span>+<\/span>\r\n    <\/button>\r\n    <div class=\"gg-info-faq-a\">\r\n      Helsyntetisk motorolja ger b\u00e4ttre stabilitet, b\u00e4ttre skydd vid kallstart och h\u00f6gre motst\u00e5nd mot slitage och avlagringar.\r\n    <\/div>\r\n  <\/div>\r\n\r\n  <div class=\"gg-info-faq-item\">\r\n    <button class=\"gg-info-faq-q\">\r\n      Passar German Gold b\u00e5de bensin och diesel?\r\n      <span>+<\/span>\r\n    <\/button>\r\n    <div class=\"gg-info-faq-a\">\r\n      Ja, flera produkter \u00e4r utvecklade f\u00f6r b\u00e5de bensin- och dieselmotorer, men v\u00e4lj alltid r\u00e4tt specifikation f\u00f6r din bil.\r\n    <\/div>\r\n  <\/div>\r\n\r\n  <div class=\"gg-info-faq-item\">\r\n    <button class=\"gg-info-faq-q\">\r\n      Hur ofta ska man byta motorolja?\r\n      <span>+<\/span>\r\n    <\/button>\r\n    <div class=\"gg-info-faq-a\">\r\n      Vanligtvis mellan 1000 och 3000 mil beroende p\u00e5 bil och k\u00f6rf\u00f6rh\u00e5llanden. F\u00f6lj alltid tillverkarens rekommendation.\r\n    <\/div>\r\n  <\/div>\r\n\r\n<\/div>\r\n\r\n<style>\r\n.gg-info-faq{\r\n  display:grid;\r\n  gap:14px;\r\n  margin-bottom:28px;\r\n}\r\n\r\n.gg-info-faq-item{\r\n  background:linear-gradient(180deg, #0b0c10 0%, #111318 100%);\r\n  border:1px solid rgba(255,255,255,.08);\r\n  border-radius:18px;\r\n  overflow:hidden;\r\n  transition:all .25s ease;\r\n}\r\n\r\n.gg-info-faq-q{\r\n  width:100%;\r\n  background:none;\r\n  border:none;\r\n  color:#fff;\r\n  font-size:18px;\r\n  font-weight:700;\r\n  text-align:left;\r\n  padding:20px 22px;\r\n  cursor:pointer;\r\n  display:flex;\r\n  justify-content:space-between;\r\n  align-items:center;\r\n}\r\n\r\n.gg-info-faq-q span{\r\n  color:#f2d16b;\r\n  font-size:22px;\r\n  transition:transform .25s ease;\r\n}\r\n\r\n.gg-info-faq-item.active .gg-info-faq-q span{\r\n  transform:rotate(45deg);\r\n}\r\n\r\n.gg-info-faq-a{\r\n  max-height:0;\r\n  overflow:hidden;\r\n  padding:0 22px;\r\n  color:#c7cad1;\r\n  font-size:16px;\r\n  line-height:1.7;\r\n  transition:all .3s ease;\r\n}\r\n\r\n.gg-info-faq-item.active .gg-info-faq-a{\r\n  max-height:300px;\r\n  padding:0 22px 18px;\r\n}\r\n\r\n@media (max-width:640px){\r\n  .gg-info-faq-q{\r\n    font-size:16px;\r\n    padding:16px;\r\n  }\r\n  .gg-info-faq-a{\r\n    font-size:15px;\r\n  }\r\n}\r\n<\/style>\r\n\r\n<script>\r\ndocument.querySelectorAll('.gg-info-faq-q').forEach(btn => {\r\n  btn.addEventListener('click', function(){\r\n    const item = this.parentElement;\r\n\r\n    \/\/ st\u00e4ng alla andra\r\n    document.querySelectorAll('.gg-info-faq-item').forEach(i=>{\r\n      if(i !== item){\r\n        i.classList.remove('active');\r\n      }\r\n    });\r\n\r\n    \/\/ toggle denna\r\n    item.classList.toggle('active');\r\n  });\r\n});\r\n<\/script>\r\n\r\n<script type=\"application\/ld+json\">\r\n{\r\n  \"@context\": \"https:\/\/schema.org\",\r\n  \"@type\": \"FAQPage\",\r\n  \"mainEntity\": [\r\n    {\r\n      \"@type\": \"Question\",\r\n      \"name\": \"Vilken motorolja ska jag v\u00e4lja?\",\r\n      \"acceptedAnswer\": {\r\n        \"@type\": \"Answer\",\r\n        \"text\": \"Du ska v\u00e4lja en motorolja som matchar bilens rekommenderade viskositet och specifikationer enligt tillverkaren. Kontrollera alltid bilens instruktionsbok eller produktinformationen innan k\u00f6p.\"\r\n      }\r\n    },\r\n    {\r\n      \"@type\": \"Question\",\r\n      \"name\": \"Varf\u00f6r \u00e4r r\u00e4tt viskositet viktig?\",\r\n      \"acceptedAnswer\": {\r\n        \"@type\": \"Answer\",\r\n        \"text\": \"R\u00e4tt viskositet s\u00e4kerst\u00e4ller korrekt sm\u00f6rjning vid b\u00e5de kallstart och h\u00f6g temperatur, vilket skyddar motorn och f\u00f6rb\u00e4ttrar dess livsl\u00e4ngd.\"\r\n      }\r\n    },\r\n    {\r\n      \"@type\": \"Question\",\r\n      \"name\": \"\u00c4r helsyntetisk motorolja b\u00e4ttre?\",\r\n      \"acceptedAnswer\": {\r\n        \"@type\": \"Answer\",\r\n        \"text\": \"Helsyntetisk motorolja ger ofta b\u00e4ttre stabilitet, b\u00e4ttre skydd vid kallstart och h\u00f6gre motst\u00e5nd mot slitage och avlagringar j\u00e4mf\u00f6rt med enklare oljor.\"\r\n      }\r\n    },\r\n    {\r\n      \"@type\": \"Question\",\r\n      \"name\": \"Passar German Gold motorolja f\u00f6r b\u00e5de bensin och diesel?\",\r\n      \"acceptedAnswer\": {\r\n        \"@type\": \"Answer\",\r\n        \"text\": \"Ja, flera produkter i German Gold-sortimentet \u00e4r utvecklade f\u00f6r b\u00e5de bensin- och dieselmotorer, men det \u00e4r viktigt att v\u00e4lja r\u00e4tt specifikation f\u00f6r din bil.\"\r\n      }\r\n    },\r\n    {\r\n      \"@type\": \"Question\",\r\n      \"name\": \"Hur ofta ska man byta motorolja?\",\r\n      \"acceptedAnswer\": {\r\n        \"@type\": \"Answer\",\r\n        \"text\": \"Oljebytesintervall varierar beroende p\u00e5 bil och k\u00f6rf\u00f6rh\u00e5llanden, men vanligtvis mellan 1000 och 3000 mil eller enligt tillverkarens rekommendation.\"\r\n      }\r\n    }\r\n  ]\r\n}\r\n<\/script>\n\t\t<\/div>\n\t<\/div>\n\t\t<\/div>\r\n\t\t\t<\/div>\r\n<\/div>\t<\/div>\r\n\t\t<\/div>\n<\/div>","protected":false},"excerpt":{"rendered":"L\u00e4s mer om motorolja German Gold motorolja \u2013 skydd, prestanda och trygghet f\u00f6r din motor Letar du efter motorolja av h\u00f6g kvalitet f\u00f6r bensin- eller dieselmotor? German Gold motorolja \u00e4r utvecklad f\u00f6r moderna motorer d\u00e4r kraven p\u00e5 slitageskydd, kallstart, motorrenhet, br\u00e4nsleekonomi och stabil prestanda \u00e4r h\u00f6gre \u00e4n n\u00e5gonsin. V\u00e5ra oljor \u00e4r framtagna f\u00f6r att ge [...]","protected":false},"author":272558095,"featured_media":0,"parent":0,"menu_order":0,"comment_status":"closed","ping_status":"closed","template":"","meta":{"_crdt_document":"","advanced_seo_description":"","jetpack_seo_html_title":"","jetpack_seo_noindex":false,"jetpack_post_was_ever_published":false,"footnotes":""},"class_list":["post-5921","page","type-page","status-publish","hentry"],"jetpack_likes_enabled":true,"jetpack_sharing_enabled":true,"jetpack_shortlink":"https:\/\/wp.me\/PgYqH6-1xv","jetpack-related-posts":[],"_links":{"self":[{"href":"https:\/\/minbildel.se\/da\/wp-json\/wp\/v2\/pages\/5921","targetHints":{"allow":["GET"]}}],"collection":[{"href":"https:\/\/minbildel.se\/da\/wp-json\/wp\/v2\/pages"}],"about":[{"href":"https:\/\/minbildel.se\/da\/wp-json\/wp\/v2\/types\/page"}],"author":[{"embeddable":true,"href":"https:\/\/minbildel.se\/da\/wp-json\/wp\/v2\/users\/272558095"}],"replies":[{"embeddable":true,"href":"https:\/\/minbildel.se\/da\/wp-json\/wp\/v2\/comments?post=5921"}],"version-history":[{"count":5,"href":"https:\/\/minbildel.se\/da\/wp-json\/wp\/v2\/pages\/5921\/revisions"}],"predecessor-version":[{"id":5931,"href":"https:\/\/minbildel.se\/da\/wp-json\/wp\/v2\/pages\/5921\/revisions\/5931"}],"wp:attachment":[{"href":"https:\/\/minbildel.se\/da\/wp-json\/wp\/v2\/media?parent=5921"}],"curies":[{"name":"wp","href":"https:\/\/api.w.org\/{rel}","templated":true}]}}